{"id":221,"date":"2018-03-06T12:58:39","date_gmt":"2018-03-06T12:58:39","guid":{"rendered":"http:\/\/bridge175.qodeinteractive.com\/?page_id=221"},"modified":"2021-05-31T10:58:09","modified_gmt":"2021-05-31T10:58:09","slug":"areas","status":"publish","type":"page","link":"https:\/\/estudiodelgado.com.uy\/web\/areas\/","title":{"rendered":"\u00c1reas de Pr\u00e1ctica"},"content":{"rendered":"<p>[vc_row css_animation=\u00bb\u00bb row_type=\u00bbrow\u00bb use_row_as_full_screen_section=\u00bbno\u00bb type=\u00bbfull_width\u00bb angled_section=\u00bbno\u00bb text_align=\u00bbleft\u00bb background_image_as_pattern=\u00bbwithout_pattern\u00bb z_index=\u00bb\u00bb css=\u00bb.vc_custom_1619811157282{background-color: #91a5b7 !important;background-position: center !important;background-repeat: no-repeat !important;background-size: cover !important;}\u00bb][vc_column][vc_row_inner row_type=\u00bbrow\u00bb type=\u00bbfull_width\u00bb text_align=\u00bbleft\u00bb css_animation=\u00bb\u00bb css=\u00bb.vc_custom_1622154381916{padding-right: 10px !important;padding-left: 10px !important;}\u00bb][vc_column_inner width=\u00bb1\/6&#8243;][\/vc_column_inner][vc_column_inner width=\u00bb2\/3&#8243;][vc_empty_space height=\u00bb50px\u00bb]<div class=\"image_with_text\"><img decoding=\"async\" itemprop=\"image\" src=\"https:\/\/estudiodelgado.com.uy\/web\/wp-content\/uploads\/2021\/04\/home-custom-icon-1.png\" alt=\"\" \/><h3 style=\"color:#234c70;\"><\/h3><span style=\"margin: 6px 0px;\" class=\"separator transparent\"><\/span><\/p>\n<h4 style=\"text-align: center;\"><strong><span style=\"color: #234c70;\">NOTARIAL<\/span><\/strong><\/h4>\n<p>&nbsp;<\/p>\n<p style=\"text-align: center;\">Brindamos servicios notariales para la adquisici\u00f3n, enajenaci\u00f3n y administraci\u00f3n de toda clase de bienes muebles e inmuebles (compraventas, arrendamientos, leasings y otros), acompa\u00f1ando al cliente en todas las etapas del proyecto o la transacci\u00f3n, brindando la soluci\u00f3n notarial y estructura legal m\u00e1s eficiente para su negocio.<\/p>\n<p>&nbsp;<\/p>\n<div id=\"sconnect-is-installed\" style=\"display: none;\">2.11.0.0<\/div>\n<p><\/div>[vc_separator type=\u00bbsmall\u00bb position=\u00bbcenter\u00bb width_in_percentages=\u00bbyes\u00bb color=\u00bb#234c70&#8243; width=\u00bb30&#8243; thickness=\u00bb2px\u00bb][vc_empty_space height=\u00bb100px\u00bb]<div class=\"image_with_text\"><img decoding=\"async\" itemprop=\"image\" src=\"https:\/\/estudiodelgado.com.uy\/web\/wp-content\/uploads\/2021\/04\/home-custom-icon-2.png\" alt=\"\" \/><h3 style=\"color:#234c70;\"><\/h3><span style=\"margin: 6px 0px;\" class=\"separator transparent\"><\/span><\/p>\n<h4 style=\"text-align: center;\"><strong><span style=\"color: #234c70;\">ADMINISTRATIVO<\/span><\/strong><\/h4>\n<ul>\n<li>Derecho laboral p\u00fablico.<\/li>\n<li>Contrataci\u00f3n administrativa (contrataci\u00f3n directa, licitaciones).<\/li>\n<li>Expropiaciones.<\/li>\n<li>Responsabilidad estatal por acto legislativo, por acto o hecho de la administraci\u00f3n y por acto jurisdiccional.<\/li>\n<li>Regulaci\u00f3n administrativa de la actividad privada.<\/li>\n<li>Regulaci\u00f3n del medio ambiente.<\/li>\n<li>Derecho Municipal.<\/li>\n<li>Contencioso judicial reparatorio y anulatorio.<\/li>\n<li>Gesti\u00f3n administrativa (peticiones y recursos).<\/li>\n<li>Contencioso judicial y gesti\u00f3n administrativa de seguridad social.<\/li>\n<\/ul>\n<p>&nbsp;<\/p>\n<div id=\"sconnect-is-installed\" style=\"display: none;\">2.11.0.0<\/div>\n<div id=\"sconnect-is-installed\" style=\"display: none;\">2.11.0.0<\/div>\n<div id=\"sconnect-is-installed\" style=\"display: none;\">2.11.0.0<\/div>\n<div id=\"sconnect-is-installed\" style=\"display: none;\">2.11.0.0<\/div>\n<div id=\"sconnect-is-installed\" style=\"display: none;\">2.11.0.0<\/div>\n<div id=\"sconnect-is-installed\" style=\"display: none;\">2.11.0.0<\/div>\n<p><\/div>[vc_separator type=\u00bbsmall\u00bb position=\u00bbcenter\u00bb width_in_percentages=\u00bbyes\u00bb color=\u00bb#234c70&#8243; width=\u00bb30&#8243;][vc_empty_space height=\u00bb100px\u00bb]<div class=\"image_with_text\"><img decoding=\"async\" itemprop=\"image\" src=\"https:\/\/estudiodelgado.com.uy\/web\/wp-content\/uploads\/2021\/04\/home-custom-icon-3.png\" alt=\"\" \/><h3 style=\"color:#234c70;\"><\/h3><span style=\"margin: 6px 0px;\" class=\"separator transparent\"><\/span><\/p>\n<h4 style=\"text-align: center;\"><strong><span style=\"color: #234c70;\">FAMILIA<\/span><\/strong><\/h4>\n<p>&nbsp;<\/p>\n<ul>\n<li>Matrimonio, sociedad conyugal, uni\u00f3n concubinaria, Sociedad de hecho.<\/li>\n<li>Estado civil, filiaci\u00f3n y r\u00e9gimen patrimonial de la filiaci\u00f3n.<\/li>\n<li>R\u00e9gimen de incapacidades.<\/li>\n<li>Contencioso judicial de familia.<\/li>\n<li>Derecho Sucesorio.<\/li>\n<li>Sucesiones.<\/li>\n<li>Particiones extrajudiciales y judiciales.<\/li>\n<li>Contencioso judicial sucesorio.<\/li>\n<\/ul>\n<p>&nbsp;<\/p>\n<p><\/div>[vc_separator type=\u00bbsmall\u00bb position=\u00bbcenter\u00bb width_in_percentages=\u00bbyes\u00bb color=\u00bb#234c70&#8243; width=\u00bb30&#8243;][vc_empty_space height=\u00bb100px\u00bb]<div class=\"image_with_text\"><img decoding=\"async\" itemprop=\"image\" src=\"https:\/\/estudiodelgado.com.uy\/web\/wp-content\/uploads\/2021\/04\/home-custom-icon-4.png\" alt=\"\" \/><h3 style=\"color:#234c70;\"><\/h3><span style=\"margin: 6px 0px;\" class=\"separator transparent\"><\/span><\/p>\n<h4 style=\"text-align: center;\"><strong><span style=\"color: #234c70;\">PENAL<\/span><\/strong><\/h4>\n<p>&nbsp;<\/p>\n<p style=\"text-align: center;\">Realizamos asesoramiento preventivo y defensas penales; as\u00ed como asistencia a v\u00edctimas de delitos en el marco del nuevo proceso penal. Desde el a\u00f1o 2001 somos designados por SAIP, como abogados defensores de profesionales m\u00e9dicos, en el \u00e1rea Penal.<\/p>\n<p>&nbsp;<\/p>\n<p><\/div>[vc_separator type=\u00bbsmall\u00bb position=\u00bbcenter\u00bb width_in_percentages=\u00bbyes\u00bb color=\u00bb#234c70&#8243; width=\u00bb30&#8243;][vc_empty_space height=\u00bb100px\u00bb]<div class=\"image_with_text\"><img decoding=\"async\" itemprop=\"image\" src=\"https:\/\/estudiodelgado.com.uy\/web\/wp-content\/uploads\/2021\/05\/home-custom-icon-6.png\" alt=\"\" \/><h3 style=\"color:#234c70;\"><\/h3><span style=\"margin: 6px 0px;\" class=\"separator transparent\"><\/span><\/p>\n<h4 style=\"text-align: center;\"><strong><span style=\"color: #234c70;\">LABORAL<\/span><\/strong><\/h4>\n<p>&nbsp;<\/p>\n<p style=\"text-align: center;\">Somos un estudio l\u00edder en materia laboral en la regi\u00f3n, reconocido por asesorar a clientes en los casos m\u00e1s complejos, sensibles y estrat\u00e9gicos, adem\u00e1s de participar en litigios de alto perfil.<\/p>\n<p style=\"text-align: center;\">Nuestro servicio de Derecho Laboral cuenta con amplio reconocimiento asesorando clientes individuales y empresariales en asuntos laborales generales, planificaci\u00f3n de reestructuraciones, acuerdos colectivos y negociaciones desde y con sindicatos y el Gobierno.<\/p>\n<p><\/div>[vc_separator type=\u00bbsmall\u00bb position=\u00bbcenter\u00bb width_in_percentages=\u00bbyes\u00bb color=\u00bb#234c70&#8243; width=\u00bb30&#8243;][vc_empty_space height=\u00bb100px\u00bb]<div class=\"image_with_text\"><img decoding=\"async\" itemprop=\"image\" src=\"https:\/\/estudiodelgado.com.uy\/web\/wp-content\/uploads\/2021\/05\/home-custom-icon-5.png\" alt=\"\" \/><h3 style=\"color:#234c70;\"><\/h3><span style=\"margin: 6px 0px;\" class=\"separator transparent\"><\/span><\/p>\n<h4 style=\"text-align: center;\"><strong><span style=\"color: #234c70;\">DEPORTIVO<\/span><\/strong><\/h4>\n<p>&nbsp;<\/p>\n<p style=\"text-align: center;\">Contamos con la visi\u00f3n y el conocimiento del Derecho Privado en general con especial \u00e9nfasis en el Derecho Deportivo, para la prestaci\u00f3n de un servicio profesional especializado.<\/p>\n<p style=\"text-align: center;\">Contamos con profesionales que se desempe\u00f1an en esta actividad desde hace m\u00e1s de 10 a\u00f1os, con especializaci\u00f3n nacional e internacional.<\/p>\n<p>&nbsp;<\/p>\n<p><\/div>[vc_separator type=\u00bbsmall\u00bb position=\u00bbcenter\u00bb width_in_percentages=\u00bbyes\u00bb color=\u00bb#234c70&#8243; width=\u00bb30&#8243;][vc_empty_space height=\u00bb100px\u00bb][\/vc_column_inner][vc_column_inner width=\u00bb1\/6&#8243;][\/vc_column_inner][\/vc_row_inner][\/vc_column][\/vc_row][vc_row css_animation=\u00bb\u00bb row_type=\u00bbrow\u00bb use_row_as_full_screen_section=\u00bbno\u00bb type=\u00bbfull_width\u00bb angled_section=\u00bbno\u00bb text_align=\u00bbleft\u00bb background_image_as_pattern=\u00bbwithout_pattern\u00bb][vc_column][vc_column_text]<\/p>\n<div id=\"sconnect-is-installed\" style=\"display: none;\">2.11.0.0<\/div>\n<div id=\"sconnect-is-installed\" style=\"display: none;\">2.11.0.0<\/div>\n<div id=\"sconnect-is-installed\" style=\"display: none;\">2.11.0.0<\/div>\n<div id=\"sconnect-is-installed\" style=\"display: none;\">2.11.0.0<\/div>\n<p>[\/vc_column_text][\/vc_column][\/vc_row][vc_row css_animation=\u00bb\u00bb row_type=\u00bbrow\u00bb use_row_as_full_screen_section=\u00bbno\u00bb type=\u00bbfull_width\u00bb angled_section=\u00bbno\u00bb text_align=\u00bbleft\u00bb background_image_as_pattern=\u00bbwithout_pattern\u00bb][vc_column][vc_column_text]<\/p>\n<div id=\"sconnect-is-installed\" style=\"display: none;\">2.11.0.0<\/div>\n<p>[\/vc_column_text][\/vc_column][\/vc_row][vc_row css_animation=\u00bb\u00bb row_type=\u00bbrow\u00bb use_row_as_full_screen_section=\u00bbno\u00bb type=\u00bbfull_width\u00bb angled_section=\u00bbno\u00bb text_align=\u00bbleft\u00bb background_image_as_pattern=\u00bbwithout_pattern\u00bb][vc_column][vc_column_text]<\/p>\n<div id=\"sconnect-is-installed\" style=\"display: none;\">2.11.0.0<\/div>\n<p>[\/vc_column_text][\/vc_column][\/vc_row]<\/p>\n","protected":false},"excerpt":{"rendered":"<p>[vc_row css_animation=\u00bb\u00bb row_type=\u00bbrow\u00bb use_row_as_full_screen_section=\u00bbno\u00bb type=\u00bbfull_width\u00bb angled_section=\u00bbno\u00bb text_align=\u00bbleft\u00bb background_image_as_pattern=\u00bbwithout_pattern\u00bb z_index=\u00bb\u00bb css=\u00bb.vc_custom_1619811157282{background-color: #91a5b7 !important;background-position: center !important;background-repeat: no-repeat !important;background-size: cover !important;}\u00bb][vc_column][vc_row_inner row_type=\u00bbrow\u00bb type=\u00bbfull_width\u00bb text_align=\u00bbleft\u00bb css_animation=\u00bb\u00bb css=\u00bb.vc_custom_1622154381916{padding-right: 10px !important;padding-left: 10px !important;}\u00bb][vc_column_inner width=\u00bb1\/6&#8243;][\/vc_column_inner][vc_column_inner width=\u00bb2\/3&#8243;][vc_empty_space height=\u00bb50px\u00bb][vc_separator type=\u00bbsmall\u00bb position=\u00bbcenter\u00bb width_in_percentages=\u00bbyes\u00bb color=\u00bb#234c70&#8243; width=\u00bb30&#8243; thickness=\u00bb2px\u00bb][vc_empty_space height=\u00bb100px\u00bb][vc_separator type=\u00bbsmall\u00bb position=\u00bbcenter\u00bb width_in_percentages=\u00bbyes\u00bb color=\u00bb#234c70&#8243; width=\u00bb30&#8243;][vc_empty_space height=\u00bb100px\u00bb][vc_separator type=\u00bbsmall\u00bb position=\u00bbcenter\u00bb&#8230;<\/p>\n","protected":false},"author":2,"featured_media":0,"parent":0,"menu_order":0,"comment_status":"closed","ping_status":"closed","template":"full_width.php","meta":{"footnotes":""},"class_list":["post-221","page","type-page","status-publish","hentry"],"_links":{"self":[{"href":"https:\/\/estudiodelgado.com.uy\/web\/wp-json\/wp\/v2\/pages\/221","targetHints":{"allow":["GET"]}}],"collection":[{"href":"https:\/\/estudiodelgado.com.uy\/web\/wp-json\/wp\/v2\/pages"}],"about":[{"href":"https:\/\/estudiodelgado.com.uy\/web\/wp-json\/wp\/v2\/types\/page"}],"author":[{"embeddable":true,"href":"https:\/\/estudiodelgado.com.uy\/web\/wp-json\/wp\/v2\/users\/2"}],"replies":[{"embeddable":true,"href":"https:\/\/estudiodelgado.com.uy\/web\/wp-json\/wp\/v2\/comments?post=221"}],"version-history":[{"count":57,"href":"https:\/\/estudiodelgado.com.uy\/web\/wp-json\/wp\/v2\/pages\/221\/revisions"}],"predecessor-version":[{"id":519,"href":"https:\/\/estudiodelgado.com.uy\/web\/wp-json\/wp\/v2\/pages\/221\/revisions\/519"}],"wp:attachment":[{"href":"https:\/\/estudiodelgado.com.uy\/web\/wp-json\/wp\/v2\/media?parent=221"}],"curies":[{"name":"wp","href":"https:\/\/api.w.org\/{rel}","templated":true}]}}