{"id":146,"date":"2018-03-06T09:19:48","date_gmt":"2018-03-06T09:19:48","guid":{"rendered":"http:\/\/bridge175.qodeinteractive.com\/?page_id=146"},"modified":"2021-05-29T13:00:03","modified_gmt":"2021-05-29T13:00:03","slug":"home","status":"publish","type":"page","link":"https:\/\/estudiodelgado.com.uy\/web\/","title":{"rendered":"Inicio"},"content":{"rendered":"<p>[vc_row css_animation=\u00bb\u00bb row_type=\u00bbrow\u00bb use_row_as_full_screen_section=\u00bbno\u00bb type=\u00bbfull_width\u00bb angled_section=\u00bbno\u00bb text_align=\u00bbleft\u00bb background_image_as_pattern=\u00bbwithout_pattern\u00bb css=\u00bb.vc_custom_1619534439317{background-color: #91a5b7 !important;}\u00bb z_index=\u00bb\u00bb][vc_column offset=\u00bbvc_col-xs-offset-1&#8243;][qode_elements_holder number_of_columns=\u00bbone_column\u00bb][qode_elements_holder_item advanced_animations=\u00bbno\u00bb item_padding=\u00bb595px 0px 0px\u00bb item_padding_1280_1440=\u00bb420px 0px 0px\u00bb item_padding_1024_1280=\u00bb400px 0px 0px\u00bb item_padding_480_600=\u00bb350px 0px 0px\u00bb item_padding_480=\u00bb350px 0px 0px\u00bb][\/qode_elements_holder_item][\/qode_elements_holder][\/vc_column][\/vc_row][vc_row css_animation=\u00bb\u00bb row_type=\u00bbrow\u00bb use_row_as_full_screen_section=\u00bbno\u00bb type=\u00bbfull_width\u00bb angled_section=\u00bbno\u00bb text_align=\u00bbleft\u00bb background_image_as_pattern=\u00bbwithout_pattern\u00bb row_negative_margin=\u00bbdisable_negative_margin\u00bb css=\u00bb.vc_custom_1520328428302{padding-top: 30px !important;padding-right: 30px !important;padding-bottom: 30px !important;padding-left: 30px !important;background-color: #ffffff !important;}\u00bb z_index=\u00bb\u00bb][vc_column css=\u00bb.vc_custom_1520254791965{margin-top: -595px !important;padding-right: 0px !important;padding-left: 0px !important;}\u00bb][qode_elements_holder number_of_columns=\u00bbone_column\u00bb][qode_elements_holder_item advanced_animations=\u00bbno\u00bb item_padding_1280_1440=\u00bb175px 0px 0px\u00bb item_padding_1024_1280=\u00bb195px 0px 0px\u00bb item_padding_480_600=\u00bb50px 0px 0px\u00bb item_padding_480=\u00bb50px 0px 0px\u00bb][rev_slider_vc alias=\u00bbhome\u00bb][\/qode_elements_holder_item][\/qode_elements_holder][\/vc_column][\/vc_row][vc_row css_animation=\u00bb\u00bb row_type=\u00bbrow\u00bb use_row_as_full_screen_section=\u00bbno\u00bb type=\u00bbfull_width\u00bb angled_section=\u00bbno\u00bb text_align=\u00bbleft\u00bb background_image_as_pattern=\u00bbwithout_pattern\u00bb css=\u00bb.vc_custom_1619530111394{background-image: url(https:\/\/estudiodelgado.com.uy\/web\/wp-content\/uploads\/2021\/04\/home-content-background-img-1-scaled.jpg?id=345) !important;background-position: center !important;background-repeat: no-repeat !important;background-size: cover !important;}\u00bb z_index=\u00bb\u00bb][vc_column][vc_row_inner row_type=\u00bbrow\u00bb type=\u00bbgrid\u00bb text_align=\u00bbleft\u00bb css_animation=\u00bb\u00bb css=\u00bb.vc_custom_1520259512927{padding-top: 20px !important;padding-bottom: 88px !important;}\u00bb][vc_column_inner width=\u00bb1\/6&#8243; offset=\u00bbvc_hidden-sm vc_hidden-xs\u00bb][\/vc_column_inner][vc_column_inner width=\u00bb1\/2&#8243; offset=\u00bbvc_col-md-4&#8243; css=\u00bb.vc_custom_1520256299435{padding-right: 10px !important;padding-left: 10px !important;}\u00bb][qode_elements_holder number_of_columns=\u00bbone_column\u00bb][qode_elements_holder_item advanced_animations=\u00bbno\u00bb item_padding=\u00bb50px 0px 0px\u00bb item_padding_768_1024=\u00bb0px\u00bb item_padding_600_768=\u00bb0px\u00bb item_padding_480_600=\u00bb0px 0px 40px\u00bb item_padding_480=\u00bb0px 0px 40px\u00bb]<div class='testimonials_holder clearfix '><div class=\"testimonials testimonials_carousel\" data-show-navigation=\"no\" data-animation-type=\"fade\" data-animation-speed=\"\" data-auto-rotate-slides=\"3\" data-number-per-slide=\"1\"><ul class=\"slides\"><li id=\"testimonials50\" class=\"testimonial_content\"><div class=\"testimonial_content_inner\"><div class=\"testimonial_image_holder\"><img decoding=\"async\" itemprop=\"image\" src=\"https:\/\/estudiodelgado.com.uy\/web\/wp-content\/uploads\/2018\/03\/home-testimonials-1-1.png\" \/><\/div><div class=\"testimonial_text_holder\"><div class=\"testimonial_text_inner\" style=\"\"><p>Siguiendo a Couture, nuestro deber es luchar por el Derecho, pero cuando el Derecho entre en conflicto con la Justicia, lucharemos por la Justicia\u2026.<\/p><p class=\"testimonial_author\" style=\"\">- Juan Delgado<\/p><\/div><\/div><\/div><\/li><\/ul><\/div><\/div>[\/qode_elements_holder_item][\/qode_elements_holder][\/vc_column_inner][vc_column_inner width=\u00bb1\/2&#8243; offset=\u00bbvc_col-md-4&#8243;][vc_single_image image=\u00bb308&#8243; img_size=\u00bbfull\u00bb qode_css_animation=\u00bb\u00bb][\/vc_column_inner][vc_column_inner width=\u00bb1\/6&#8243; offset=\u00bbvc_hidden-sm vc_hidden-xs\u00bb][\/vc_column_inner][\/vc_row_inner][vc_column_text]<\/p>\n<h2 style=\"text-align: center;\">SERVICIO INTEGRAL<\/h2>\n<p>[\/vc_column_text][vc_column_text]<\/p>\n<h3 style=\"text-align: center;\">Asesoramiento Legal de excelencia<\/h3>\n<p>[\/vc_column_text][vc_row_inner row_type=\u00bbrow\u00bb type=\u00bbfull_width\u00bb text_align=\u00bbcenter\u00bb css_animation=\u00bb\u00bb css=\u00bb.vc_custom_1520265271686{margin-right: 29px !important;margin-left: 29px !important;padding-top: 72px !important;padding-right: 0px !important;padding-bottom: 105px !important;padding-left: 0px !important;}\u00bb][vc_column_inner width=\u00bb1\/4&#8243; css=\u00bb.vc_custom_1520259278792{padding-right: 1px !important;padding-bottom: 2px !important;padding-left: 1px !important;}\u00bb offset=\u00bbvc_col-md-3&#8243;][qode_elements_holder number_of_columns=\u00bbone_column\u00bb][qode_elements_holder_item advanced_animations=\u00bbno\u00bb background_image=\u00bb313&#8243; item_padding=\u00bb110px 80px 100px\u00bb item_padding_1280_1440=\u00bb70px 25px\u00bb item_padding_1024_1280=\u00bb50px 25px 60px\u00bb item_padding_768_1024=\u00bb50px 25px 60px\u00bb item_padding_600_768=\u00bb50px 25px 60px\u00bb item_padding_480_600=\u00bb40px 24px\u00bb item_padding_480=\u00bb40px 24px\u00bb][vc_single_image image=\u00bb311&#8243; img_size=\u00bbfull\u00bb alignment=\u00bbcenter\u00bb qode_css_animation=\u00bb\u00bb][vc_empty_space height=\u00bb38px\u00bb][vc_column_text]<\/p>\n<h4><span style=\"color: #ffffff;\">NOTARIAL<\/span><\/h4>\n<div id=\"sconnect-is-installed\" style=\"display: none;\">2.11.0.0<\/div>\n<p>[\/vc_column_text][vc_empty_space height=\u00bb12px\u00bb][vc_column_text]<span style=\"color: #ffffff;\">Brindamos servicios notariales para la adquisici\u00f3n, enajenaci\u00f3n y administraci\u00f3n de toda clase de bienes<\/span><\/p>\n<div id=\"sconnect-is-installed\" style=\"display: none;\">2.11.0.0<\/div>\n<p>[\/vc_column_text][vc_empty_space height=\u00bb40px\u00bb]<a  itemprop=\"url\" href=\"https:\/\/estudiodelgado.com.uy\/web\/areas\/\" target=\"_self\" data-hover-background-color='#b0b0b0' data-hover-border-color='#b0b0b0' data-hover-color='#234c70' class=\"qbutton  default\" style=\"border-color: #91a5b7; background-color: #91a5b7;\">Leer m\u00e1s...<\/a>[\/qode_elements_holder_item][\/qode_elements_holder][\/vc_column_inner][vc_column_inner width=\u00bb1\/4&#8243; css=\u00bb.vc_custom_1520259287600{padding-right: 1px !important;padding-bottom: 2px !important;padding-left: 1px !important;}\u00bb offset=\u00bbvc_col-md-3&#8243;][qode_elements_holder number_of_columns=\u00bbone_column\u00bb][qode_elements_holder_item advanced_animations=\u00bbno\u00bb background_image=\u00bb321&#8243; item_padding=\u00bb110px 80px 100px\u00bb item_padding_1280_1440=\u00bb70px 25px\u00bb item_padding_1024_1280=\u00bb50px 25px 60px\u00bb item_padding_768_1024=\u00bb50px 25px 60px\u00bb item_padding_600_768=\u00bb50px 25px 60px\u00bb item_padding_480_600=\u00bb40px 24px\u00bb item_padding_480=\u00bb40px 24px\u00bb][vc_single_image image=\u00bb319&#8243; img_size=\u00bbfull\u00bb alignment=\u00bbcenter\u00bb qode_css_animation=\u00bb\u00bb][vc_empty_space height=\u00bb38px\u00bb][vc_column_text]<\/p>\n<h4><span style=\"color: #ffffff;\">ADMINISTRATIVO<\/span><\/h4>\n<p>[\/vc_column_text][vc_empty_space height=\u00bb12px\u00bb][vc_column_text]<span style=\"color: #ffffff;\">Tanto en derecho laboral p\u00fablico, como en contrataciones administrativas y expropiaciones..<\/span>[\/vc_column_text][vc_empty_space height=\u00bb40px\u00bb]<a  itemprop=\"url\" href=\"https:\/\/estudiodelgado.com.uy\/web\/areas\/\" target=\"_self\" data-hover-background-color='#b0b0b0' data-hover-border-color='#b0b0b0' data-hover-color='#234c70' class=\"qbutton  default\" style=\"color: #ffffff; border-color: #91a5b7; background-color: #91a5b7;\">Leer m\u00e1s...<\/a>[\/qode_elements_holder_item][\/qode_elements_holder][\/vc_column_inner][vc_column_inner width=\u00bb1\/4&#8243; offset=\u00bbvc_col-md-3&#8243; css=\u00bb.vc_custom_1520259294529{padding-right: 1px !important;padding-bottom: 2px !important;padding-left: 1px !important;}\u00bb][qode_elements_holder number_of_columns=\u00bbone_column\u00bb][qode_elements_holder_item advanced_animations=\u00bbno\u00bb background_image=\u00bb325&#8243; item_padding=\u00bb110px 80px 100px\u00bb item_padding_1280_1440=\u00bb70px 25px\u00bb item_padding_1024_1280=\u00bb50px 25px 60px\u00bb item_padding_768_1024=\u00bb50px 25px 60px\u00bb item_padding_600_768=\u00bb50px 25px 60px\u00bb item_padding_480_600=\u00bb40px 24px\u00bb item_padding_480=\u00bb40px 24px\u00bb][vc_single_image image=\u00bb323&#8243; img_size=\u00bbfull\u00bb alignment=\u00bbcenter\u00bb qode_css_animation=\u00bb\u00bb][vc_empty_space height=\u00bb38px\u00bb][vc_column_text]<\/p>\n<h4><span style=\"color: #ffffff;\">FAMILIA<\/span><\/h4>\n<p>[\/vc_column_text][vc_empty_space height=\u00bb12px\u00bb][vc_column_text]<span style=\"color: #ffffff;\">Nuestra \u00e1rea de Derecho de Familia y Sucesiones cuenta con una amplia y reconocida experiencia.<\/span>[\/vc_column_text][vc_empty_space height=\u00bb40px\u00bb]<a  itemprop=\"url\" href=\"https:\/\/estudiodelgado.com.uy\/web\/areas\/\" target=\"_self\" data-hover-background-color='#b0b0b0' data-hover-border-color='#b0b0b0' data-hover-color='#234c70' class=\"qbutton  default\" style=\"border-color: #91a5b7; background-color: #91a5b7;\">Leer m\u00e1s..<\/a>[\/qode_elements_holder_item][\/qode_elements_holder][\/vc_column_inner][vc_column_inner width=\u00bb1\/4&#8243; offset=\u00bbvc_col-md-3&#8243; css=\u00bb.vc_custom_1520259304608{padding-right: 1px !important;padding-bottom: 2px !important;padding-left: 1px !important;}\u00bb][qode_elements_holder number_of_columns=\u00bbone_column\u00bb][qode_elements_holder_item advanced_animations=\u00bbno\u00bb background_image=\u00bb332&#8243; item_padding=\u00bb110px 80px 100px\u00bb item_padding_1280_1440=\u00bb70px 25px\u00bb item_padding_1024_1280=\u00bb50px 25px 60px\u00bb item_padding_768_1024=\u00bb50px 25px 60px\u00bb item_padding_600_768=\u00bb50px 25px 60px\u00bb item_padding_480_600=\u00bb40px 24px\u00bb item_padding_480=\u00bb40px 24px\u00bb][vc_single_image image=\u00bb329&#8243; img_size=\u00bbfull\u00bb alignment=\u00bbcenter\u00bb qode_css_animation=\u00bb\u00bb][vc_empty_space height=\u00bb38px\u00bb][vc_column_text]<\/p>\n<h4><span style=\"color: #ffffff;\">PENAL<\/span><\/h4>\n<p>[\/vc_column_text][vc_empty_space height=\u00bb12px\u00bb][vc_column_text]<span style=\"color: #ffffff;\">Realizamos asesoramiento preventivo y defensas penales; as\u00ed como asistencia a v\u00edctimas de delitos&#8230;<\/span>[\/vc_column_text][vc_empty_space height=\u00bb40px\u00bb]<a  itemprop=\"url\" href=\"https:\/\/estudiodelgado.com.uy\/web\/areas\/\" target=\"_self\" data-hover-background-color='#b0b0b0' data-hover-border-color='#b0b0b0' data-hover-color='#234c70' class=\"qbutton  default\" style=\"border-color: #91a5b7; background-color: #91a5b7;\">Leer M\u00e1s...<\/a>[\/qode_elements_holder_item][\/qode_elements_holder][\/vc_column_inner][\/vc_row_inner][\/vc_column][\/vc_row]<\/p>\n","protected":false},"excerpt":{"rendered":"<p>[vc_row css_animation=\u00bb\u00bb row_type=\u00bbrow\u00bb use_row_as_full_screen_section=\u00bbno\u00bb type=\u00bbfull_width\u00bb angled_section=\u00bbno\u00bb text_align=\u00bbleft\u00bb background_image_as_pattern=\u00bbwithout_pattern\u00bb css=\u00bb.vc_custom_1619534439317{background-color: #91a5b7 !important;}\u00bb z_index=\u00bb\u00bb][vc_column offset=\u00bbvc_col-xs-offset-1&#8243;][qode_elements_holder number_of_columns=\u00bbone_column\u00bb][qode_elements_holder_item advanced_animations=\u00bbno\u00bb item_padding=\u00bb595px 0px 0px\u00bb item_padding_1280_1440=\u00bb420px 0px 0px\u00bb item_padding_1024_1280=\u00bb400px 0px 0px\u00bb item_padding_480_600=\u00bb350px 0px 0px\u00bb item_padding_480=\u00bb350px 0px 0px\u00bb][\/qode_elements_holder_item][\/qode_elements_holder][\/vc_column][\/vc_row][vc_row css_animation=\u00bb\u00bb row_type=\u00bbrow\u00bb use_row_as_full_screen_section=\u00bbno\u00bb type=\u00bbfull_width\u00bb angled_section=\u00bbno\u00bb text_align=\u00bbleft\u00bb background_image_as_pattern=\u00bbwithout_pattern\u00bb row_negative_margin=\u00bbdisable_negative_margin\u00bb css=\u00bb.vc_custom_1520328428302{padding-top: 30px !important;padding-right: 30px !important;padding-bottom: 30px !important;padding-left:&#8230;<\/p>\n","protected":false},"author":2,"featured_media":0,"parent":0,"menu_order":0,"comment_status":"closed","ping_status":"closed","template":"full_width.php","meta":{"footnotes":""},"class_list":["post-146","page","type-page","status-publish","hentry"],"_links":{"self":[{"href":"https:\/\/estudiodelgado.com.uy\/web\/wp-json\/wp\/v2\/pages\/146","targetHints":{"allow":["GET"]}}],"collection":[{"href":"https:\/\/estudiodelgado.com.uy\/web\/wp-json\/wp\/v2\/pages"}],"about":[{"href":"https:\/\/estudiodelgado.com.uy\/web\/wp-json\/wp\/v2\/types\/page"}],"author":[{"embeddable":true,"href":"https:\/\/estudiodelgado.com.uy\/web\/wp-json\/wp\/v2\/users\/2"}],"replies":[{"embeddable":true,"href":"https:\/\/estudiodelgado.com.uy\/web\/wp-json\/wp\/v2\/comments?post=146"}],"version-history":[{"count":58,"href":"https:\/\/estudiodelgado.com.uy\/web\/wp-json\/wp\/v2\/pages\/146\/revisions"}],"predecessor-version":[{"id":424,"href":"https:\/\/estudiodelgado.com.uy\/web\/wp-json\/wp\/v2\/pages\/146\/revisions\/424"}],"wp:attachment":[{"href":"https:\/\/estudiodelgado.com.uy\/web\/wp-json\/wp\/v2\/media?parent=146"}],"curies":[{"name":"wp","href":"https:\/\/api.w.org\/{rel}","templated":true}]}}